{"id":319,"date":"2019-01-31T14:30:11","date_gmt":"2019-01-31T14:30:11","guid":{"rendered":"https:\/\/terms.nforto.com\/?page_id=319"},"modified":"2022-09-20T23:44:48","modified_gmt":"2022-09-20T23:44:48","slug":"cgu","status":"publish","type":"page","link":"https:\/\/terms.nforto.com\/fr\/","title":{"rendered":"Conditions g\u00e9n\u00e9rales d&rsquo;utilisation"},"content":{"rendered":"<h2><strong>Application des pr\u00e9sentes conditions g\u00e9n\u00e9rales d\u2019utilisation (\u00ab\u00a0CGU\u00a0\u00bb)\u00a0:<\/strong><\/h2>\n<p>Si vous naviguez et utiliser ce site Internet (le \u00ab\u00a0<strong>Site<\/strong>\u00a0\u00bb), vous acceptez de vous conformer aux pr\u00e9sentes CGU ainsi que notre politique de confidentialit\u00e9 qui r\u00e9gissent les relations de nForto avec vous concernant ce Site Internet. Si vous \u00eates en d\u00e9saccord avec une partie de ces CGU, nous vous invitons \u00e0 ne pas utiliser ce Site.<\/p>\n<p>Nous nous r\u00e9servons le droit de mettre \u00e0 jour ces CGU en tout temps, \u00e0 notre discr\u00e9tion. En cas de mise \u00e0 jour, la version mise \u00e0 jour sera effective d\u00e8s qu\u2019elle sera accessible sur notre Site.<\/p>\n<p>Le terme \u00abnForto\u00bb ou \u00abnous\u00bb ou \u00ab\u00a0notre\u00a0\u00bb fait r\u00e9f\u00e9rence au propri\u00e9taire du Site Internet dont le si\u00e8ge social est situ\u00e9 7, rue Meyerbeer 75009 Paris. Le terme \u00abvous\u00bb d\u00e9signe l\u2019utilisateur ou le visiteur de notre Site.<\/p>\n<p>Le Site est h\u00e9berg\u00e9 par\u00a0NFORTO France SASU, 7 rue Meyerbeer 75009 Paris.<\/p>\n<p>Dans le cadre de notre activit\u00e9, Nous fournissons un certain nombre de services \u00e0 nos utilisateurs. Par cons\u00e9quent, les conditions g\u00e9n\u00e9rales de services suivantes sont incorpor\u00e9es par r\u00e9f\u00e9rence dans les pr\u00e9sentes CGU\u00a0:<\/p>\n<ul>\n<li><a href=\"https:\/\/terms.nforto.com\/fr\/cgv-des-services-de-conception-de-sites-web\/\">Conditions g\u00e9n\u00e9rales de vente des services de conception de sites web<\/a>\u00a0;<\/li>\n<li><a href=\"https:\/\/terms.nforto.com\/fr\/cgv-des-services-de-conception-dapplications-mobiles\/\">Conditions g\u00e9n\u00e9rales de vente des services de conception d\u2019applications mobiles<\/a>\u00a0;<\/li>\n<li><a href=\"https:\/\/terms.nforto.com\/fr\/cgv-des-services-de-reservation-de-noms-de-domaine-et-dhebergement\/\">Conditions g\u00e9n\u00e9rales de vente des services de r\u00e9servation de noms de domaine et d\u2019h\u00e9bergement<\/a>\u00a0;<\/li>\n<li><a href=\"https:\/\/terms.nforto.com\/fr\/cgv-des-services-de-referencement\/\">Conditions g\u00e9n\u00e9rales de vente des services de r\u00e9f\u00e9rencement<\/a>.<\/li>\n<\/ul>\n<h2><strong>Revendeurs\u00a0:<\/strong><\/h2>\n<p>Vous acceptez que, si vous passez une commande de produits nForto aupr\u00e8s de l\u2019un de nos revendeurs agr\u00e9\u00e9s, le revendeur puisse vous demander, en plus des conditions de nForto applicables aux services \u00e9num\u00e9r\u00e9es ci-dessus, de souscrire \u00e0 des conditions distinctes qui seraient applicables entre vous et ce revendeur agr\u00e9\u00e9. Vous convenez que nous n\u2019aurons aucune responsabilit\u00e9 vis-\u00e0-vis des conditions g\u00e9n\u00e9rales d\u2019un revendeur agr\u00e9\u00e9 ou non.<\/p>\n<h2><strong>Licence d\u2019utilisation\u00a0:<\/strong><\/h2>\n<p>L\u2019utilisation de ce Site est soumise aux conditions d\u2019utilisation suivantes:<\/p>\n<p>Le contenu des pages de ce Site est uniquement destin\u00e9 \u00e0 votre information g\u00e9n\u00e9rale et \u00e0 votre utilisation. Une modification du Site sans pr\u00e9avis est possible.<\/p>\n<p>Vous n\u2019\u00eates pas autoris\u00e9 \u00e0 reproduire la totalit\u00e9 ou une partie substantielle du Site, ni exploiter commercialement le contenu de ce Site.<\/p>\n<p>Vous acceptez de ne pas tenter d\u2019obtenir un acc\u00e8s non autoris\u00e9 au Site ou \u00e0 tout r\u00e9seau, serveur ou syst\u00e8me informatique connect\u00e9 au Site et \/ ou de reproduire, redistribuer, vendre, cr\u00e9er des \u0153uvres d\u00e9riv\u00e9es, d\u00e9compiler, d\u00e9sassembler tout ou partie du Site.<\/p>\n<p>Nonobstant ce qui pr\u00e9c\u00e8de, pour les besoins de votre navigation sur le Site, nous vous octroyons une licence d\u2019utilisation gratuite du Site limit\u00e9e strictement \u00e0 l\u2019application des pr\u00e9sentes et pour la dur\u00e9e des pr\u00e9sentes dans le monde entier.<\/p>\n<h2><strong>Cookies<\/strong><\/h2>\n<p>Ce site utilise des cookies pour suivre les pr\u00e9f\u00e9rences de navigation. Veuillez consulter la\u00a0<a href=\"https:\/\/terms.nforto.com\/fr\/politique-de-confidentialite\/\">politique de confidentialit\u00e9<\/a>\u00a0pour en savoir plus \u00e0 leur sujet.<\/p>\n<h2><strong>Disponibilit\u00e9 du Site\u00a0:<\/strong><\/h2>\n<p>Ni nous, ni aucun tiers, ne fournissons aucune garantie quant \u00e0 l\u2019exactitude, la rapidit\u00e9, la performance, l\u2019exhaustivit\u00e9 ou la pertinence des informations et des \u00e9l\u00e9ments pr\u00e9sents ou propos\u00e9s sur ce Site. Vous reconnaissez que ces informations et \u00e9l\u00e9ments peuvent contenir des inexactitudes ou des erreurs et nous excluons express\u00e9ment toute responsabilit\u00e9 pour ces inexactitudes ou erreurs dans toute la mesure permise par la loi.<\/p>\n<p>Votre utilisation de toute information ou mat\u00e9riel sur ce Site est enti\u00e8rement \u00e0 vos risques et p\u00e9rils, pour lesquels nous ne serons pas responsables. Il sera de votre responsabilit\u00e9 de vous assurer que tous les produits, services ou informations disponibles sur ce site r\u00e9pondent \u00e0 vos besoins sp\u00e9cifiques.<\/p>\n<h2><strong>Droits de propri\u00e9t\u00e9 intellectuelle\u00a0:<\/strong><\/h2>\n<p>Ce Site contient des \u00e9l\u00e9ments dont nForto est le propri\u00e9taire ou le d\u00e9tenteur de licence. Ce mat\u00e9riel inclut, sans toutefois s\u2019y limiter, la conception, la mise en page, l\u2019apparence, l\u2019apparence et les graphiques. La reproduction est interdite autrement que conform\u00e9ment \u00e0 la notice de copyright, qui fait partie int\u00e9grante de ces conditions g\u00e9n\u00e9rales.<\/p>\n<p>L\u2019utilisation non autoris\u00e9e de ce Site peut donner lieu \u00e0 une action en justice.<\/p>\n<h2><strong>Liens vers des sites Internet tiers\u00a0:<\/strong><\/h2>\n<p>Le Site peut inclure des liens vers d\u2019autres sites Internet. Ces liens sont fournis pour votre commodit\u00e9 afin de fournir des informations suppl\u00e9mentaires. Ils ne signifient pas que nous approuvons les sites en question. nForto n\u2019assume aucune responsabilit\u00e9 pour le contenu du ou des sites Internet pr\u00e9sent\u00e9s sur le Site.<\/p>\n<h2><strong>Divers\u00a0:<\/strong><\/h2>\n<p>Les pr\u00e9sentes CGU, notre politique de confidentialit\u00e9 et les diff\u00e9rentes conditions g\u00e9n\u00e9rales de vente des services \u00e9num\u00e9r\u00e9es ci-dessus repr\u00e9sentent l\u2019int\u00e9gralit\u00e9 de l\u2019accord entre vous et nForto et remplacent toutes les repr\u00e9sentations, ententes ou accords ant\u00e9rieurs, oraux ou \u00e9crits, entre nous.<\/p>\n<p>Si l\u2019une des dispositions de ces CGU est jug\u00e9e invalide ou inapplicable par un tribunal comp\u00e9tent, elle doit \u00eatre interpr\u00e9t\u00e9e, dans la mesure du possible, comme refl\u00e9tant les intentions des parties et toutes les autres dispositions resteront pleinement en vigueur.<\/p>\n<p>Votre utilisation de ce Site et tout litige r\u00e9sultant de cette utilisation du Site sont soumis \u00e0 la l\u00e9gislation fran\u00e7aise. Vous acceptez de vous soumettre \u00e0 la juridiction exclusive des tribunaux fran\u00e7ais comp\u00e9tents en application des r\u00e8gles de proc\u00e9dure civile.<\/p>\n","protected":false},"excerpt":{"rendered":"<p>Application des pr\u00e9sentes conditions g\u00e9n\u00e9rales d\u2019utilisation (\u00ab\u00a0CGU\u00a0\u00bb)\u00a0: Si vous naviguez et utiliser ce site Internet (le \u00ab\u00a0Site\u00a0\u00bb), vous acceptez de vous conformer aux pr\u00e9sentes CGU ainsi que notre politique de confidentialit\u00e9 qui r\u00e9gissent les relations de nForto avec vous concernant ce Site Internet. Si vous \u00eates en d\u00e9saccord avec une partie de ces CGU, nous [&hellip;]<\/p>\n","protected":false},"author":1,"featured_media":0,"parent":0,"menu_order":0,"comment_status":"closed","ping_status":"closed","template":"","meta":[],"_links":{"self":[{"href":"https:\/\/terms.nforto.com\/fr\/wp-json\/wp\/v2\/pages\/319"}],"collection":[{"href":"https:\/\/terms.nforto.com\/fr\/wp-json\/wp\/v2\/pages"}],"about":[{"href":"https:\/\/terms.nforto.com\/fr\/wp-json\/wp\/v2\/types\/page"}],"author":[{"embeddable":true,"href":"https:\/\/terms.nforto.com\/fr\/wp-json\/wp\/v2\/users\/1"}],"replies":[{"embeddable":true,"href":"https:\/\/terms.nforto.com\/fr\/wp-json\/wp\/v2\/comments?post=319"}],"version-history":[{"count":5,"href":"https:\/\/terms.nforto.com\/fr\/wp-json\/wp\/v2\/pages\/319\/revisions"}],"predecessor-version":[{"id":365,"href":"https:\/\/terms.nforto.com\/fr\/wp-json\/wp\/v2\/pages\/319\/revisions\/365"}],"wp:attachment":[{"href":"https:\/\/terms.nforto.com\/fr\/wp-json\/wp\/v2\/media?parent=319"}],"curies":[{"name":"wp","href":"https:\/\/api.w.org\/{rel}","templated":true}]}}